{"id":51,"date":"2020-03-28T14:04:39","date_gmt":"2020-03-28T17:04:39","guid":{"rendered":"https:\/\/tallerposible.com\/?page_id=51"},"modified":"2025-08-11T16:54:55","modified_gmt":"2025-08-11T19:54:55","slug":"contacto","status":"publish","type":"page","link":"https:\/\/tallerposible.com\/index.php\/contacto\/","title":{"rendered":"CONTACTO"},"content":{"rendered":"\t\t<div data-elementor-type=\"wp-page\" data-elementor-id=\"51\" class=\"elementor elementor-51\">\n\t\t\t\t<section class=\"elementor-section elementor-top-section elementor-element elementor-element-1f64f0bb elementor-section-boxed elementor-section-height-default elementor-section-height-default\" data-id=\"1f64f0bb\" data-element_type=\"section\" data-e-type=\"section\">\n\t\t\t\t\t\t<div class=\"elementor-container elementor-column-gap-default\">\n\t\t\t\t\t<div class=\"elementor-column elementor-col-100 elementor-top-column elementor-element elementor-element-1681583e\" data-id=\"1681583e\" data-element_type=\"column\" data-e-type=\"column\">\n\t\t\t<div class=\"elementor-widget-wrap elementor-element-populated\">\n\t\t\t\t\t\t<div class=\"elementor-element elementor-element-670ef184 elementor-widget elementor-widget-text-editor\" data-id=\"670ef184\" data-element_type=\"widget\" data-e-type=\"widget\" data-widget_type=\"text-editor.default\">\n\t\t\t\t<div class=\"elementor-widget-container\">\n\t\t\t\t\t\t\t\t\t<p data-start=\"109\" data-end=\"173\">Email: <a class=\"cursor-pointer\" rel=\"noopener\" data-start=\"116\" data-end=\"171\">info@tallerposible.com\u00a0 \u00a0<\/a>Tel\/WhatsApp: <a class=\"cursor-pointer\" href=\"https:\/\/wa.me\/5491168519489\" target=\"_blank\" rel=\"noopener\" data-start=\"190\" data-end=\"239\">+54 9 11 6851-9489<\/a>\u00a0 \u00a0Instagram: <a href=\"https:\/\/www.instagram.com\/tallerposible\/\" target=\"_blank\" rel=\"noopener\">@Tallerposible<\/a><\/p>\n<p data-start=\"109\" data-end=\"173\">\u00a0<\/p>\n<p data-start=\"243\" data-end=\"257\"><span style=\"font-family: Maxeville-construct; font-size: 16px;\">LOCAL<\/span><\/p>\n<p data-start=\"260\" data-end=\"291\"><a href=\"https:\/\/maps.app.goo.gl\/SczWpBovDkLaSmPi6\" target=\"_blank\" rel=\"noopener\"><span style=\"color: black;\">Florida 1055, Retiro, CABA &#8211; Edificio Kavanagh<\/span><\/a><\/p>\n<p data-start=\"294\" data-end=\"343\"><span style=\"font-size: 18px; font-family: Maxeville-construct;\">Horarios de atenci\u00f3n:<\/span><br data-start=\"299\" data-end=\"302\" \/><br data-start=\"299\" data-end=\"302\" \/><span style=\"color: black;\">Lunes a Viernes de 10 a 18 hs<br data-start=\"333\" data-end=\"336\" \/>S\u00e1bados de 11 a 17 hs<\/span><\/p>\t\t\t\t\t\t\t\t<\/div>\n\t\t\t\t<\/div>\n\t\t\t\t\t<\/div>\n\t\t<\/div>\n\t\t\t\t\t<\/div>\n\t\t<\/section>\n\t\t\t\t<section class=\"elementor-section elementor-top-section elementor-element elementor-element-9462dba elementor-section-boxed elementor-section-height-default elementor-section-height-default\" data-id=\"9462dba\" data-element_type=\"section\" data-e-type=\"section\">\n\t\t\t\t\t\t<div class=\"elementor-container elementor-column-gap-default\">\n\t\t\t\t\t<div class=\"elementor-column elementor-col-100 elementor-top-column elementor-element elementor-element-7174ea4\" data-id=\"7174ea4\" data-element_type=\"column\" data-e-type=\"column\">\n\t\t\t<div class=\"elementor-widget-wrap elementor-element-populated\">\n\t\t\t\t\t\t<div class=\"elementor-element elementor-element-2828395 elementor-widget elementor-widget-google_maps\" data-id=\"2828395\" data-element_type=\"widget\" data-e-type=\"widget\" data-widget_type=\"google_maps.default\">\n\t\t\t\t<div class=\"elementor-widget-container\">\n\t\t\t\t\t\t\t<div class=\"elementor-custom-embed\">\n\t\t\t<iframe\n\t\t\t\t\tdata-src=\"https:\/\/maps.google.com\/maps?q=-34.59525384830525%2C%20-58.37473008465439&#038;t=m&#038;z=17&#038;output=embed&#038;iwloc=near\"\n\t\t\t\t\ttitle=\"-34.59525384830525, -58.37473008465439\"\n\t\t\t\t\taria-label=\"-34.59525384830525, -58.37473008465439\"\n\t\t\t src=\"data:image\/svg+xml;base64,PHN2ZyB3aWR0aD0iMSIgaGVpZ2h0PSIxIiB4bWxucz0iaHR0cDovL3d3dy53My5vcmcvMjAwMC9zdmciPjwvc3ZnPg==\" class=\"lazyload\" data-load-mode=\"1\"><\/iframe>\n\t\t<\/div>\n\t\t\t\t\t\t<\/div>\n\t\t\t\t<\/div>\n\t\t\t\t\t<\/div>\n\t\t<\/div>\n\t\t\t\t\t<\/div>\n\t\t<\/section>\n\t\t\t\t<section class=\"elementor-section elementor-top-section elementor-element elementor-element-5738206 elementor-section-boxed elementor-section-height-default elementor-section-height-default\" data-id=\"5738206\" data-element_type=\"section\" data-e-type=\"section\">\n\t\t\t\t\t\t<div class=\"elementor-container elementor-column-gap-default\">\n\t\t\t\t\t<div class=\"elementor-column elementor-col-100 elementor-top-column elementor-element elementor-element-8b422f3\" data-id=\"8b422f3\" data-element_type=\"column\" data-e-type=\"column\">\n\t\t\t<div class=\"elementor-widget-wrap\">\n\t\t\t\t\t\t\t<\/div>\n\t\t<\/div>\n\t\t\t\t\t<\/div>\n\t\t<\/section>\n\t\t\t\t<section class=\"elementor-section elementor-top-section elementor-element elementor-element-050fcea elementor-section-boxed elementor-section-height-default elementor-section-height-default\" data-id=\"050fcea\" data-element_type=\"section\" data-e-type=\"section\">\n\t\t\t\t\t\t<div class=\"elementor-container elementor-column-gap-default\">\n\t\t\t\t\t<div class=\"elementor-column elementor-col-100 elementor-top-column elementor-element elementor-element-0eae403\" data-id=\"0eae403\" data-element_type=\"column\" data-e-type=\"column\">\n\t\t\t<div class=\"elementor-widget-wrap elementor-element-populated\">\n\t\t\t\t\t\t<div class=\"elementor-element elementor-element-30a4701 elementor-widget elementor-widget-text-editor\" data-id=\"30a4701\" data-element_type=\"widget\" data-e-type=\"widget\" data-widget_type=\"text-editor.default\">\n\t\t\t\t<div class=\"elementor-widget-container\">\n\t\t\t\t\t\t\t\t\t<p data-start=\"294\" data-end=\"343\"><span style=\"font-family: Maxeville-construct; font-size: 16px;\">TALLER<\/span><\/p>\n<p data-start=\"260\" data-end=\"291\"><span style=\"color: #000000;\">Magari\u00f1os Cervantes 2464, Paternal, CABA<\/span><\/p>\n<p data-start=\"294\" data-end=\"343\"><span style=\"font-size: 18px; font-family: Maxeville-construct;\">Horarios de atenci\u00f3n:<\/span><br data-start=\"299\" data-end=\"302\" \/><br data-start=\"299\" data-end=\"302\" \/><span style=\"color: black;\">Lunes a Viernes de 9 a 18hs<\/span><\/p>\t\t\t\t\t\t\t\t<\/div>\n\t\t\t\t<\/div>\n\t\t\t\t\t<\/div>\n\t\t<\/div>\n\t\t\t\t\t<\/div>\n\t\t<\/section>\n\t\t\t\t<section class=\"elementor-section elementor-top-section elementor-element elementor-element-bc93801 elementor-section-boxed elementor-section-height-default elementor-section-height-default\" data-id=\"bc93801\" data-element_type=\"section\" data-e-type=\"section\">\n\t\t\t\t\t\t<div class=\"elementor-container elementor-column-gap-default\">\n\t\t\t\t\t<div class=\"elementor-column elementor-col-100 elementor-top-column elementor-element elementor-element-67a02c6\" data-id=\"67a02c6\" data-element_type=\"column\" data-e-type=\"column\">\n\t\t\t<div class=\"elementor-widget-wrap elementor-element-populated\">\n\t\t\t\t\t\t<div class=\"elementor-element elementor-element-bd53a9e elementor-widget elementor-widget-google_maps\" data-id=\"bd53a9e\" data-element_type=\"widget\" data-e-type=\"widget\" data-widget_type=\"google_maps.default\">\n\t\t\t\t<div class=\"elementor-widget-container\">\n\t\t\t\t\t\t\t<div class=\"elementor-custom-embed\">\n\t\t\t<iframe\n\t\t\t\t\tdata-src=\"https:\/\/maps.google.com\/maps?q=posible%2C%20magari%C3%B1os%20cervantes%202464&#038;t=m&#038;z=17&#038;output=embed&#038;iwloc=near\"\n\t\t\t\t\ttitle=\"posible, magari\u00f1os cervantes 2464\"\n\t\t\t\t\taria-label=\"posible, magari\u00f1os cervantes 2464\"\n\t\t\t src=\"data:image\/svg+xml;base64,PHN2ZyB3aWR0aD0iMSIgaGVpZ2h0PSIxIiB4bWxucz0iaHR0cDovL3d3dy53My5vcmcvMjAwMC9zdmciPjwvc3ZnPg==\" class=\"lazyload\" data-load-mode=\"1\"><\/iframe>\n\t\t<\/div>\n\t\t\t\t\t\t<\/div>\n\t\t\t\t<\/div>\n\t\t\t\t\t<\/div>\n\t\t<\/div>\n\t\t\t\t\t<\/div>\n\t\t<\/section>\n\t\t\t\t<section class=\"elementor-section elementor-top-section elementor-element elementor-element-b6fce3b elementor-section-boxed elementor-section-height-default elementor-section-height-default\" data-id=\"b6fce3b\" data-element_type=\"section\" data-e-type=\"section\">\n\t\t\t\t\t\t<div class=\"elementor-container elementor-column-gap-default\">\n\t\t\t\t\t<div class=\"elementor-column elementor-col-100 elementor-top-column elementor-element elementor-element-96183ad\" data-id=\"96183ad\" data-element_type=\"column\" data-e-type=\"column\">\n\t\t\t<div class=\"elementor-widget-wrap elementor-element-populated\">\n\t\t\t\t\t\t<div class=\"elementor-element elementor-element-d8d5f30 elementor-widget__width-initial elementor-view-default elementor-widget elementor-widget-icon\" data-id=\"d8d5f30\" data-element_type=\"widget\" data-e-type=\"widget\" data-widget_type=\"icon.default\">\n\t\t\t\t<div class=\"elementor-widget-container\">\n\t\t\t\t\t\t\t<div class=\"elementor-icon-wrapper\">\n\t\t\t<a class=\"elementor-icon\" href=\"https:\/\/wa.me\/5491168519489\" target=\"_blank\">\n\t\t\t<i aria-hidden=\"true\" class=\"fab fa-whatsapp\"><\/i>\t\t\t<\/a>\n\t\t<\/div>\n\t\t\t\t\t\t<\/div>\n\t\t\t\t<\/div>\n\t\t\t\t<div class=\"elementor-element elementor-element-6c68199 elementor-widget__width-initial elementor-view-default elementor-widget elementor-widget-icon\" data-id=\"6c68199\" data-element_type=\"widget\" data-e-type=\"widget\" data-widget_type=\"icon.default\">\n\t\t\t\t<div class=\"elementor-widget-container\">\n\t\t\t\t\t\t\t<div class=\"elementor-icon-wrapper\">\n\t\t\t<a class=\"elementor-icon\" href=\"http:\/\/instagram.com\/tallerposible\">\n\t\t\t<i aria-hidden=\"true\" class=\"fab fa-instagram\"><\/i>\t\t\t<\/a>\n\t\t<\/div>\n\t\t\t\t\t\t<\/div>\n\t\t\t\t<\/div>\n\t\t\t\t\t<\/div>\n\t\t<\/div>\n\t\t\t\t\t<\/div>\n\t\t<\/section>\n\t\t\t\t<section class=\"elementor-section elementor-top-section elementor-element elementor-element-1887164 elementor-section-boxed elementor-section-height-default elementor-section-height-default\" data-id=\"1887164\" data-element_type=\"section\" data-e-type=\"section\">\n\t\t\t\t\t\t<div class=\"elementor-container elementor-column-gap-default\">\n\t\t\t\t\t<div class=\"elementor-column elementor-col-100 elementor-top-column elementor-element elementor-element-8293075\" data-id=\"8293075\" data-element_type=\"column\" data-e-type=\"column\">\n\t\t\t<div class=\"elementor-widget-wrap elementor-element-populated\">\n\t\t\t\t\t\t<div class=\"elementor-element elementor-element-8c3bcc8 elementor-widget elementor-widget-text-editor\" data-id=\"8c3bcc8\" data-element_type=\"widget\" data-e-type=\"widget\" data-widget_type=\"text-editor.default\">\n\t\t\t\t<div class=\"elementor-widget-container\">\n\t\t\t\t\t\t\t\t\t<p>\u00a0<\/p>\n<p><!-- \/wp:paragraph --><\/p>\n<p><!-- wp:paragraph --><\/p>\n<p>Para descargar el catalogo y logo, Haz <a href=\"https:\/\/www.dropbox.com\/sh\/jqfmub3t1eeul2i\/AADMkDbvV-0bLhFOQEwplxOOa?dl=0\" target=\"_blank\" rel=\"noreferrer noopener\" aria-label=\"click aqui (abre en una nueva pesta\u00f1a)\">click aqu<\/a>i<\/p>\t\t\t\t\t\t\t\t<\/div>\n\t\t\t\t<\/div>\n\t\t\t\t\t<\/div>\n\t\t<\/div>\n\t\t\t\t\t<\/div>\n\t\t<\/section>\t\t<\/div>\n\t\t","protected":false},"excerpt":{"rendered":"<p>Email: info@tallerposible.com\u00a0 \u00a0Tel\/WhatsApp: +54 9 11 6851-9489\u00a0 \u00a0Instagram: @Tallerposible \u00a0 LOCAL Florida 1055, Retiro, CABA &#8211; Edificio Kavanagh Horarios de atenci\u00f3n:Lunes a Viernes de 10 a 18 hsS\u00e1bados de 11 a 17 hs TALLER Magari\u00f1os Cervantes 2464, Paternal, CABA Horarios de atenci\u00f3n:Lunes a Viernes de 9 a 18hs \u00a0 Para descargar el catalogo y logo, &hellip; <\/p>\n<p class=\"link-more\"><a href=\"https:\/\/tallerposible.com\/index.php\/contacto\/\" class=\"more-link\">Continue reading<span class=\"screen-reader-text\"> &#8220;CONTACTO&#8221;<\/span><\/a><\/p>\n","protected":false},"author":1,"featured_media":0,"parent":0,"menu_order":0,"comment_status":"closed","ping_status":"closed","template":"","meta":{"footnotes":""},"class_list":["post-51","page","type-page","status-publish","hentry"],"yoast_head":"<!-- This site is optimized with the Yoast SEO plugin v26.5 - https:\/\/yoast.com\/wordpress\/plugins\/seo\/ -->\n<title>CONTACTO - Taller Posible<\/title>\n<meta name=\"robots\" content=\"index, follow, max-snippet:-1, max-image-preview:large, max-video-preview:-1\" \/>\n<link rel=\"canonical\" href=\"https:\/\/tallerposible.com\/index.php\/contacto\/\" \/>\n<meta property=\"og:locale\" content=\"es_ES\" \/>\n<meta property=\"og:type\" content=\"article\" \/>\n<meta property=\"og:title\" content=\"CONTACTO - Taller Posible\" \/>\n<meta property=\"og:description\" content=\"Email: info@tallerposible.com\u00a0 \u00a0Tel\/WhatsApp: +54 9 11 6851-9489\u00a0 \u00a0Instagram: @Tallerposible \u00a0 LOCAL Florida 1055, Retiro, CABA &#8211; Edificio Kavanagh Horarios de atenci\u00f3n:Lunes a Viernes de 10 a 18 hsS\u00e1bados de 11 a 17 hs TALLER Magari\u00f1os Cervantes 2464, Paternal, CABA Horarios de atenci\u00f3n:Lunes a Viernes de 9 a 18hs \u00a0 Para descargar el catalogo y logo, &hellip; Continue reading &quot;CONTACTO&quot;\" \/>\n<meta property=\"og:url\" content=\"https:\/\/tallerposible.com\/index.php\/contacto\/\" \/>\n<meta property=\"og:site_name\" content=\"Taller Posible\" \/>\n<meta property=\"article:modified_time\" content=\"2025-08-11T19:54:55+00:00\" \/>\n<meta name=\"twitter:card\" content=\"summary_large_image\" \/>\n<script type=\"application\/ld+json\" class=\"yoast-schema-graph\">{\"@context\":\"https:\/\/schema.org\",\"@graph\":[{\"@type\":\"WebPage\",\"@id\":\"https:\/\/tallerposible.com\/index.php\/contacto\/\",\"url\":\"https:\/\/tallerposible.com\/index.php\/contacto\/\",\"name\":\"CONTACTO - Taller Posible\",\"isPartOf\":{\"@id\":\"https:\/\/tallerposible.com\/#website\"},\"datePublished\":\"2020-03-28T17:04:39+00:00\",\"dateModified\":\"2025-08-11T19:54:55+00:00\",\"breadcrumb\":{\"@id\":\"https:\/\/tallerposible.com\/index.php\/contacto\/#breadcrumb\"},\"inLanguage\":\"es-AR\",\"potentialAction\":[{\"@type\":\"ReadAction\",\"target\":[\"https:\/\/tallerposible.com\/index.php\/contacto\/\"]}]},{\"@type\":\"BreadcrumbList\",\"@id\":\"https:\/\/tallerposible.com\/index.php\/contacto\/#breadcrumb\",\"itemListElement\":[{\"@type\":\"ListItem\",\"position\":1,\"name\":\"Inicio\",\"item\":\"https:\/\/tallerposible.com\/\"},{\"@type\":\"ListItem\",\"position\":2,\"name\":\"CONTACTO\"}]},{\"@type\":\"WebSite\",\"@id\":\"https:\/\/tallerposible.com\/#website\",\"url\":\"https:\/\/tallerposible.com\/\",\"name\":\"Taller Posible\",\"description\":\"\",\"publisher\":{\"@id\":\"https:\/\/tallerposible.com\/#organization\"},\"potentialAction\":[{\"@type\":\"SearchAction\",\"target\":{\"@type\":\"EntryPoint\",\"urlTemplate\":\"https:\/\/tallerposible.com\/?s={search_term_string}\"},\"query-input\":{\"@type\":\"PropertyValueSpecification\",\"valueRequired\":true,\"valueName\":\"search_term_string\"}}],\"inLanguage\":\"es-AR\"},{\"@type\":\"Organization\",\"@id\":\"https:\/\/tallerposible.com\/#organization\",\"name\":\"Taller Posible\",\"url\":\"https:\/\/tallerposible.com\/\",\"logo\":{\"@type\":\"ImageObject\",\"inLanguage\":\"es-AR\",\"@id\":\"https:\/\/tallerposible.com\/#\/schema\/logo\/image\/\",\"url\":\"https:\/\/tallerposible.com\/wp-content\/uploads\/2025\/07\/cropped-IG_Perfil_Posible-05-scaled-1.jpg\",\"contentUrl\":\"https:\/\/tallerposible.com\/wp-content\/uploads\/2025\/07\/cropped-IG_Perfil_Posible-05-scaled-1.jpg\",\"width\":512,\"height\":512,\"caption\":\"Taller Posible\"},\"image\":{\"@id\":\"https:\/\/tallerposible.com\/#\/schema\/logo\/image\/\"},\"sameAs\":[\"https:\/\/www.instagram.com\/tallerposible\/\"]}]}<\/script>\n<!-- \/ Yoast SEO plugin. -->","yoast_head_json":{"title":"CONTACTO - Taller Posible","robots":{"index":"index","follow":"follow","max-snippet":"max-snippet:-1","max-image-preview":"max-image-preview:large","max-video-preview":"max-video-preview:-1"},"canonical":"https:\/\/tallerposible.com\/index.php\/contacto\/","og_locale":"es_ES","og_type":"article","og_title":"CONTACTO - Taller Posible","og_description":"Email: info@tallerposible.com\u00a0 \u00a0Tel\/WhatsApp: +54 9 11 6851-9489\u00a0 \u00a0Instagram: @Tallerposible \u00a0 LOCAL Florida 1055, Retiro, CABA &#8211; Edificio Kavanagh Horarios de atenci\u00f3n:Lunes a Viernes de 10 a 18 hsS\u00e1bados de 11 a 17 hs TALLER Magari\u00f1os Cervantes 2464, Paternal, CABA Horarios de atenci\u00f3n:Lunes a Viernes de 9 a 18hs \u00a0 Para descargar el catalogo y logo, &hellip; Continue reading \"CONTACTO\"","og_url":"https:\/\/tallerposible.com\/index.php\/contacto\/","og_site_name":"Taller Posible","article_modified_time":"2025-08-11T19:54:55+00:00","twitter_card":"summary_large_image","schema":{"@context":"https:\/\/schema.org","@graph":[{"@type":"WebPage","@id":"https:\/\/tallerposible.com\/index.php\/contacto\/","url":"https:\/\/tallerposible.com\/index.php\/contacto\/","name":"CONTACTO - Taller Posible","isPartOf":{"@id":"https:\/\/tallerposible.com\/#website"},"datePublished":"2020-03-28T17:04:39+00:00","dateModified":"2025-08-11T19:54:55+00:00","breadcrumb":{"@id":"https:\/\/tallerposible.com\/index.php\/contacto\/#breadcrumb"},"inLanguage":"es-AR","potentialAction":[{"@type":"ReadAction","target":["https:\/\/tallerposible.com\/index.php\/contacto\/"]}]},{"@type":"BreadcrumbList","@id":"https:\/\/tallerposible.com\/index.php\/contacto\/#breadcrumb","itemListElement":[{"@type":"ListItem","position":1,"name":"Inicio","item":"https:\/\/tallerposible.com\/"},{"@type":"ListItem","position":2,"name":"CONTACTO"}]},{"@type":"WebSite","@id":"https:\/\/tallerposible.com\/#website","url":"https:\/\/tallerposible.com\/","name":"Taller Posible","description":"","publisher":{"@id":"https:\/\/tallerposible.com\/#organization"},"potentialAction":[{"@type":"SearchAction","target":{"@type":"EntryPoint","urlTemplate":"https:\/\/tallerposible.com\/?s={search_term_string}"},"query-input":{"@type":"PropertyValueSpecification","valueRequired":true,"valueName":"search_term_string"}}],"inLanguage":"es-AR"},{"@type":"Organization","@id":"https:\/\/tallerposible.com\/#organization","name":"Taller Posible","url":"https:\/\/tallerposible.com\/","logo":{"@type":"ImageObject","inLanguage":"es-AR","@id":"https:\/\/tallerposible.com\/#\/schema\/logo\/image\/","url":"https:\/\/tallerposible.com\/wp-content\/uploads\/2025\/07\/cropped-IG_Perfil_Posible-05-scaled-1.jpg","contentUrl":"https:\/\/tallerposible.com\/wp-content\/uploads\/2025\/07\/cropped-IG_Perfil_Posible-05-scaled-1.jpg","width":512,"height":512,"caption":"Taller Posible"},"image":{"@id":"https:\/\/tallerposible.com\/#\/schema\/logo\/image\/"},"sameAs":["https:\/\/www.instagram.com\/tallerposible\/"]}]}},"_links":{"self":[{"href":"https:\/\/tallerposible.com\/index.php\/wp-json\/wp\/v2\/pages\/51","targetHints":{"allow":["GET"]}}],"collection":[{"href":"https:\/\/tallerposible.com\/index.php\/wp-json\/wp\/v2\/pages"}],"about":[{"href":"https:\/\/tallerposible.com\/index.php\/wp-json\/wp\/v2\/types\/page"}],"author":[{"embeddable":true,"href":"https:\/\/tallerposible.com\/index.php\/wp-json\/wp\/v2\/users\/1"}],"replies":[{"embeddable":true,"href":"https:\/\/tallerposible.com\/index.php\/wp-json\/wp\/v2\/comments?post=51"}],"version-history":[{"count":46,"href":"https:\/\/tallerposible.com\/index.php\/wp-json\/wp\/v2\/pages\/51\/revisions"}],"predecessor-version":[{"id":3350,"href":"https:\/\/tallerposible.com\/index.php\/wp-json\/wp\/v2\/pages\/51\/revisions\/3350"}],"wp:attachment":[{"href":"https:\/\/tallerposible.com\/index.php\/wp-json\/wp\/v2\/media?parent=51"}],"curies":[{"name":"wp","href":"https:\/\/api.w.org\/{rel}","templated":true}]}}