{"id":3210,"date":"2025-08-06T16:01:06","date_gmt":"2025-08-06T19:01:06","guid":{"rendered":"https:\/\/tallerposible.com\/?post_type=product&#038;p=3210"},"modified":"2026-01-06T14:28:55","modified_gmt":"2026-01-06T17:28:55","slug":"banco-akai-ugo","status":"publish","type":"product","link":"https:\/\/tallerposible.com\/index.php\/producto\/banco-akai-ugo\/","title":{"rendered":"Banco Akai &#8211; UGO"},"content":{"rendered":"<p data-start=\"97\" data-end=\"332\">Nacido de la l\u00ednea Akai, en combinaci\u00f3n con m\u00e1rmoles naturales de UGO.<br data-start=\"167\" data-end=\"170\" \/>Compuesto por l\u00ednea, plano y volumen.<br data-start=\"207\" data-end=\"210\" \/>Estructura con encastres visibles y sin ornamentos.<br data-start=\"261\" data-end=\"264\" \/>Madera y m\u00e1rmol a definir. Producci\u00f3n limitada a stock o por pedido.<\/p>\n<h4><\/h4>\n","protected":false},"excerpt":{"rendered":"<p><span style=\"font-family: shree-devanagari-714;\">Cuerpo en madera maciza, asiento de marmol natural.<\/span><\/p>\n<p>Combinando:<br \/>\nPeteribi con m\u00e1rmol verde Remigiatto<br \/>\nLenga negra con m\u00e1rmol negro Marquina<br \/>\nIncienso con m\u00e1rmol Botticino<\/p>\n<p><span style=\"font-family: shree-devanagari-714;\">Terminaci\u00f3n hidrolaca semi-mate.<\/span><\/p>\n<p><span style=\"font-family: shree-devanagari-714;\">Tiempo de entrega: 60\/75 d\u00edas. <\/span><\/p>\n<p><span style=\"font-family: shree-devanagari-714;\">Precio final incluye IVA.<\/span><\/p>\n<p>Consultar por medidas especiales: info@tallerposible.com<\/p>\n","protected":false},"featured_media":3219,"template":"","meta":[],"product_brand":[],"product_cat":[82,92,95],"product_tag":[],"class_list":{"0":"post-3210","1":"product","2":"type-product","3":"status-publish","4":"has-post-thumbnail","6":"product_cat-akai","7":"product_cat-bancos","8":"product_cat-stock","10":"first","11":"instock","12":"taxable","13":"shipping-taxable","14":"purchasable","15":"product-type-variable"},"yoast_head":"<!-- This site is optimized with the Yoast SEO plugin v26.5 - https:\/\/yoast.com\/wordpress\/plugins\/seo\/ -->\n<title>Banco Akai - UGO - Taller Posible<\/title>\n<meta name=\"robots\" content=\"index, follow, max-snippet:-1, max-image-preview:large, max-video-preview:-1\" \/>\n<link rel=\"canonical\" href=\"https:\/\/tallerposible.com\/index.php\/producto\/banco-akai-ugo\/\" \/>\n<meta property=\"og:locale\" content=\"es_ES\" \/>\n<meta property=\"og:type\" content=\"article\" \/>\n<meta property=\"og:title\" content=\"Banco Akai - UGO - Taller Posible\" \/>\n<meta property=\"og:description\" content=\"Cuerpo en madera maciza, asiento de marmol natural.  Combinando: Peteribi con m\u00e1rmol verde Remigiatto Lenga negra con m\u00e1rmol negro Marquina Incienso con m\u00e1rmol Botticino  Terminaci\u00f3n hidrolaca semi-mate.  Tiempo de entrega: 60\/75 d\u00edas.   Precio final incluye IVA.  Consultar por medidas especiales: info@tallerposible.com\" \/>\n<meta property=\"og:url\" content=\"https:\/\/tallerposible.com\/index.php\/producto\/banco-akai-ugo\/\" \/>\n<meta property=\"og:site_name\" content=\"Taller Posible\" \/>\n<meta property=\"article:modified_time\" content=\"2026-01-06T17:28:55+00:00\" \/>\n<meta property=\"og:image\" content=\"https:\/\/tallerposible.com\/wp-content\/uploads\/2025\/08\/posible-catalogo-felixniikado-high-7-scaled.jpg\" \/>\n\t<meta property=\"og:image:width\" content=\"1707\" \/>\n\t<meta property=\"og:image:height\" content=\"2560\" \/>\n\t<meta property=\"og:image:type\" content=\"image\/jpeg\" \/>\n<meta name=\"twitter:card\" content=\"summary_large_image\" \/>\n<meta name=\"twitter:label1\" content=\"Tiempo de lectura\" \/>\n\t<meta name=\"twitter:data1\" content=\"1 minuto\" \/>\n<script type=\"application\/ld+json\" class=\"yoast-schema-graph\">{\"@context\":\"https:\/\/schema.org\",\"@graph\":[{\"@type\":\"WebPage\",\"@id\":\"https:\/\/tallerposible.com\/index.php\/producto\/banco-akai-ugo\/\",\"url\":\"https:\/\/tallerposible.com\/index.php\/producto\/banco-akai-ugo\/\",\"name\":\"Banco Akai - UGO - Taller Posible\",\"isPartOf\":{\"@id\":\"https:\/\/tallerposible.com\/#website\"},\"primaryImageOfPage\":{\"@id\":\"https:\/\/tallerposible.com\/index.php\/producto\/banco-akai-ugo\/#primaryimage\"},\"image\":{\"@id\":\"https:\/\/tallerposible.com\/index.php\/producto\/banco-akai-ugo\/#primaryimage\"},\"thumbnailUrl\":\"https:\/\/tallerposible.com\/wp-content\/uploads\/2025\/08\/posible-catalogo-felixniikado-high-7-scaled.jpg\",\"datePublished\":\"2025-08-06T19:01:06+00:00\",\"dateModified\":\"2026-01-06T17:28:55+00:00\",\"breadcrumb\":{\"@id\":\"https:\/\/tallerposible.com\/index.php\/producto\/banco-akai-ugo\/#breadcrumb\"},\"inLanguage\":\"es-AR\",\"potentialAction\":[{\"@type\":\"ReadAction\",\"target\":[\"https:\/\/tallerposible.com\/index.php\/producto\/banco-akai-ugo\/\"]}]},{\"@type\":\"ImageObject\",\"inLanguage\":\"es-AR\",\"@id\":\"https:\/\/tallerposible.com\/index.php\/producto\/banco-akai-ugo\/#primaryimage\",\"url\":\"https:\/\/tallerposible.com\/wp-content\/uploads\/2025\/08\/posible-catalogo-felixniikado-high-7-scaled.jpg\",\"contentUrl\":\"https:\/\/tallerposible.com\/wp-content\/uploads\/2025\/08\/posible-catalogo-felixniikado-high-7-scaled.jpg\",\"width\":1707,\"height\":2560},{\"@type\":\"BreadcrumbList\",\"@id\":\"https:\/\/tallerposible.com\/index.php\/producto\/banco-akai-ugo\/#breadcrumb\",\"itemListElement\":[{\"@type\":\"ListItem\",\"position\":1,\"name\":\"Inicio\",\"item\":\"https:\/\/tallerposible.com\/\"},{\"@type\":\"ListItem\",\"position\":2,\"name\":\"Banco Akai &#8211; UGO\"}]},{\"@type\":\"WebSite\",\"@id\":\"https:\/\/tallerposible.com\/#website\",\"url\":\"https:\/\/tallerposible.com\/\",\"name\":\"Taller Posible\",\"description\":\"\",\"publisher\":{\"@id\":\"https:\/\/tallerposible.com\/#organization\"},\"potentialAction\":[{\"@type\":\"SearchAction\",\"target\":{\"@type\":\"EntryPoint\",\"urlTemplate\":\"https:\/\/tallerposible.com\/?s={search_term_string}\"},\"query-input\":{\"@type\":\"PropertyValueSpecification\",\"valueRequired\":true,\"valueName\":\"search_term_string\"}}],\"inLanguage\":\"es-AR\"},{\"@type\":\"Organization\",\"@id\":\"https:\/\/tallerposible.com\/#organization\",\"name\":\"Taller Posible\",\"url\":\"https:\/\/tallerposible.com\/\",\"logo\":{\"@type\":\"ImageObject\",\"inLanguage\":\"es-AR\",\"@id\":\"https:\/\/tallerposible.com\/#\/schema\/logo\/image\/\",\"url\":\"https:\/\/tallerposible.com\/wp-content\/uploads\/2025\/07\/cropped-IG_Perfil_Posible-05-scaled-1.jpg\",\"contentUrl\":\"https:\/\/tallerposible.com\/wp-content\/uploads\/2025\/07\/cropped-IG_Perfil_Posible-05-scaled-1.jpg\",\"width\":512,\"height\":512,\"caption\":\"Taller Posible\"},\"image\":{\"@id\":\"https:\/\/tallerposible.com\/#\/schema\/logo\/image\/\"},\"sameAs\":[\"https:\/\/www.instagram.com\/tallerposible\/\"]}]}<\/script>\n<!-- \/ Yoast SEO plugin. -->","yoast_head_json":{"title":"Banco Akai - UGO - Taller Posible","robots":{"index":"index","follow":"follow","max-snippet":"max-snippet:-1","max-image-preview":"max-image-preview:large","max-video-preview":"max-video-preview:-1"},"canonical":"https:\/\/tallerposible.com\/index.php\/producto\/banco-akai-ugo\/","og_locale":"es_ES","og_type":"article","og_title":"Banco Akai - UGO - Taller Posible","og_description":"Cuerpo en madera maciza, asiento de marmol natural.  Combinando: Peteribi con m\u00e1rmol verde Remigiatto Lenga negra con m\u00e1rmol negro Marquina Incienso con m\u00e1rmol Botticino  Terminaci\u00f3n hidrolaca semi-mate.  Tiempo de entrega: 60\/75 d\u00edas.   Precio final incluye IVA.  Consultar por medidas especiales: info@tallerposible.com","og_url":"https:\/\/tallerposible.com\/index.php\/producto\/banco-akai-ugo\/","og_site_name":"Taller Posible","article_modified_time":"2026-01-06T17:28:55+00:00","og_image":[{"width":1707,"height":2560,"url":"https:\/\/tallerposible.com\/wp-content\/uploads\/2025\/08\/posible-catalogo-felixniikado-high-7-scaled.jpg","type":"image\/jpeg"}],"twitter_card":"summary_large_image","twitter_misc":{"Tiempo de lectura":"1 minuto"},"schema":{"@context":"https:\/\/schema.org","@graph":[{"@type":"WebPage","@id":"https:\/\/tallerposible.com\/index.php\/producto\/banco-akai-ugo\/","url":"https:\/\/tallerposible.com\/index.php\/producto\/banco-akai-ugo\/","name":"Banco Akai - UGO - Taller Posible","isPartOf":{"@id":"https:\/\/tallerposible.com\/#website"},"primaryImageOfPage":{"@id":"https:\/\/tallerposible.com\/index.php\/producto\/banco-akai-ugo\/#primaryimage"},"image":{"@id":"https:\/\/tallerposible.com\/index.php\/producto\/banco-akai-ugo\/#primaryimage"},"thumbnailUrl":"https:\/\/tallerposible.com\/wp-content\/uploads\/2025\/08\/posible-catalogo-felixniikado-high-7-scaled.jpg","datePublished":"2025-08-06T19:01:06+00:00","dateModified":"2026-01-06T17:28:55+00:00","breadcrumb":{"@id":"https:\/\/tallerposible.com\/index.php\/producto\/banco-akai-ugo\/#breadcrumb"},"inLanguage":"es-AR","potentialAction":[{"@type":"ReadAction","target":["https:\/\/tallerposible.com\/index.php\/producto\/banco-akai-ugo\/"]}]},{"@type":"ImageObject","inLanguage":"es-AR","@id":"https:\/\/tallerposible.com\/index.php\/producto\/banco-akai-ugo\/#primaryimage","url":"https:\/\/tallerposible.com\/wp-content\/uploads\/2025\/08\/posible-catalogo-felixniikado-high-7-scaled.jpg","contentUrl":"https:\/\/tallerposible.com\/wp-content\/uploads\/2025\/08\/posible-catalogo-felixniikado-high-7-scaled.jpg","width":1707,"height":2560},{"@type":"BreadcrumbList","@id":"https:\/\/tallerposible.com\/index.php\/producto\/banco-akai-ugo\/#breadcrumb","itemListElement":[{"@type":"ListItem","position":1,"name":"Inicio","item":"https:\/\/tallerposible.com\/"},{"@type":"ListItem","position":2,"name":"Banco Akai &#8211; UGO"}]},{"@type":"WebSite","@id":"https:\/\/tallerposible.com\/#website","url":"https:\/\/tallerposible.com\/","name":"Taller Posible","description":"","publisher":{"@id":"https:\/\/tallerposible.com\/#organization"},"potentialAction":[{"@type":"SearchAction","target":{"@type":"EntryPoint","urlTemplate":"https:\/\/tallerposible.com\/?s={search_term_string}"},"query-input":{"@type":"PropertyValueSpecification","valueRequired":true,"valueName":"search_term_string"}}],"inLanguage":"es-AR"},{"@type":"Organization","@id":"https:\/\/tallerposible.com\/#organization","name":"Taller Posible","url":"https:\/\/tallerposible.com\/","logo":{"@type":"ImageObject","inLanguage":"es-AR","@id":"https:\/\/tallerposible.com\/#\/schema\/logo\/image\/","url":"https:\/\/tallerposible.com\/wp-content\/uploads\/2025\/07\/cropped-IG_Perfil_Posible-05-scaled-1.jpg","contentUrl":"https:\/\/tallerposible.com\/wp-content\/uploads\/2025\/07\/cropped-IG_Perfil_Posible-05-scaled-1.jpg","width":512,"height":512,"caption":"Taller Posible"},"image":{"@id":"https:\/\/tallerposible.com\/#\/schema\/logo\/image\/"},"sameAs":["https:\/\/www.instagram.com\/tallerposible\/"]}]}},"_links":{"self":[{"href":"https:\/\/tallerposible.com\/index.php\/wp-json\/wp\/v2\/product\/3210","targetHints":{"allow":["GET"]}}],"collection":[{"href":"https:\/\/tallerposible.com\/index.php\/wp-json\/wp\/v2\/product"}],"about":[{"href":"https:\/\/tallerposible.com\/index.php\/wp-json\/wp\/v2\/types\/product"}],"version-history":[{"count":3,"href":"https:\/\/tallerposible.com\/index.php\/wp-json\/wp\/v2\/product\/3210\/revisions"}],"predecessor-version":[{"id":3291,"href":"https:\/\/tallerposible.com\/index.php\/wp-json\/wp\/v2\/product\/3210\/revisions\/3291"}],"wp:featuredmedia":[{"embeddable":true,"href":"https:\/\/tallerposible.com\/index.php\/wp-json\/wp\/v2\/media\/3219"}],"wp:attachment":[{"href":"https:\/\/tallerposible.com\/index.php\/wp-json\/wp\/v2\/media?parent=3210"}],"wp:term":[{"taxonomy":"product_brand","embeddable":true,"href":"https:\/\/tallerposible.com\/index.php\/wp-json\/wp\/v2\/product_brand?post=3210"},{"taxonomy":"product_cat","embeddable":true,"href":"https:\/\/tallerposible.com\/index.php\/wp-json\/wp\/v2\/product_cat?post=3210"},{"taxonomy":"product_tag","embeddable":true,"href":"https:\/\/tallerposible.com\/index.php\/wp-json\/wp\/v2\/product_tag?post=3210"}],"curies":[{"name":"wp","href":"https:\/\/api.w.org\/{rel}","templated":true}]}}