{"id":3271,"date":"2025-08-07T11:03:53","date_gmt":"2025-08-07T14:03:53","guid":{"rendered":"https:\/\/tallerposible.com\/?post_type=product&#038;p=3271"},"modified":"2026-01-06T17:00:38","modified_gmt":"2026-01-06T20:00:38","slug":"mesa-tronco","status":"publish","type":"product","link":"https:\/\/tallerposible.com\/index.php\/producto\/mesa-tronco\/","title":{"rendered":"Mesa Tronco"},"content":{"rendered":"<p data-start=\"97\" data-end=\"332\">La l\u00ednea Tronco naci\u00f3 de la experimentaci\u00f3n en taller, explorando nuevas formas a partir del corte y encastre de cilindros de madera maciza.<br data-start=\"464\" data-end=\"467\" \/>El resultado combina secciones curvas con l\u00edneas rectas y estructuras claras.<br data-start=\"544\" data-end=\"547\" \/>Una b\u00fasqueda formal que mantiene la s\u00edntesis y precisi\u00f3n constructiva, incorporando el volumen como lenguaje.<\/p>\n<h4><\/h4>\n","protected":false},"excerpt":{"rendered":"<p data-start=\"827\" data-end=\"977\">En incienso y guatamb\u00fa.<\/p>\n<p data-start=\"827\" data-end=\"977\">Terminaci\u00f3n hidrolaca semi-mate.<\/p>\n<p data-start=\"979\" data-end=\"1096\">Tiempo de entrega: 60\/75 d\u00edas.<\/p>\n<p data-start=\"979\" data-end=\"1096\"><br data-start=\"1009\" data-end=\"1012\" \/>Precio final incluye IVA.<\/p>\n<p data-start=\"979\" data-end=\"1096\"><br data-start=\"1037\" data-end=\"1040\" \/>Consultar por medidas especiales: <a class=\"cursor-pointer\" rel=\"noopener\" data-start=\"1074\" data-end=\"1096\">info@tallerposible.com<\/a><\/p>\n","protected":false},"featured_media":3274,"template":"","meta":[],"product_brand":[],"product_cat":[89,95,129],"product_tag":[],"class_list":{"0":"post-3271","1":"product","2":"type-product","3":"status-publish","4":"has-post-thumbnail","6":"product_cat-mesas","7":"product_cat-stock","8":"product_cat-tronco","10":"first","11":"instock","12":"taxable","13":"shipping-taxable","14":"purchasable","15":"product-type-variable"},"yoast_head":"<!-- This site is optimized with the Yoast SEO plugin v26.5 - https:\/\/yoast.com\/wordpress\/plugins\/seo\/ -->\n<title>Mesa Tronco - Taller Posible<\/title>\n<meta name=\"robots\" content=\"index, follow, max-snippet:-1, max-image-preview:large, max-video-preview:-1\" \/>\n<link rel=\"canonical\" href=\"https:\/\/tallerposible.com\/index.php\/producto\/mesa-tronco\/\" \/>\n<meta property=\"og:locale\" content=\"es_ES\" \/>\n<meta property=\"og:type\" content=\"article\" \/>\n<meta property=\"og:title\" content=\"Mesa Tronco - Taller Posible\" \/>\n<meta property=\"og:description\" content=\"En incienso y guatamb\u00fa. Terminaci\u00f3n hidrolaca semi-mate. Tiempo de entrega: 60\/75 d\u00edas. Precio final incluye IVA. Consultar por medidas especiales: info@tallerposible.com\" \/>\n<meta property=\"og:url\" content=\"https:\/\/tallerposible.com\/index.php\/producto\/mesa-tronco\/\" \/>\n<meta property=\"og:site_name\" content=\"Taller Posible\" \/>\n<meta property=\"article:modified_time\" content=\"2026-01-06T20:00:38+00:00\" \/>\n<meta property=\"og:image\" content=\"https:\/\/tallerposible.com\/wp-content\/uploads\/2025\/08\/posible-catalogo-felixniikado-high-42-scaled.jpg\" \/>\n\t<meta property=\"og:image:width\" content=\"1707\" \/>\n\t<meta property=\"og:image:height\" content=\"2560\" \/>\n\t<meta property=\"og:image:type\" content=\"image\/jpeg\" \/>\n<meta name=\"twitter:card\" content=\"summary_large_image\" \/>\n<script type=\"application\/ld+json\" class=\"yoast-schema-graph\">{\"@context\":\"https:\/\/schema.org\",\"@graph\":[{\"@type\":\"WebPage\",\"@id\":\"https:\/\/tallerposible.com\/index.php\/producto\/mesa-tronco\/\",\"url\":\"https:\/\/tallerposible.com\/index.php\/producto\/mesa-tronco\/\",\"name\":\"Mesa Tronco - Taller Posible\",\"isPartOf\":{\"@id\":\"https:\/\/tallerposible.com\/#website\"},\"primaryImageOfPage\":{\"@id\":\"https:\/\/tallerposible.com\/index.php\/producto\/mesa-tronco\/#primaryimage\"},\"image\":{\"@id\":\"https:\/\/tallerposible.com\/index.php\/producto\/mesa-tronco\/#primaryimage\"},\"thumbnailUrl\":\"https:\/\/tallerposible.com\/wp-content\/uploads\/2025\/08\/posible-catalogo-felixniikado-high-42-scaled.jpg\",\"datePublished\":\"2025-08-07T14:03:53+00:00\",\"dateModified\":\"2026-01-06T20:00:38+00:00\",\"breadcrumb\":{\"@id\":\"https:\/\/tallerposible.com\/index.php\/producto\/mesa-tronco\/#breadcrumb\"},\"inLanguage\":\"es-AR\",\"potentialAction\":[{\"@type\":\"ReadAction\",\"target\":[\"https:\/\/tallerposible.com\/index.php\/producto\/mesa-tronco\/\"]}]},{\"@type\":\"ImageObject\",\"inLanguage\":\"es-AR\",\"@id\":\"https:\/\/tallerposible.com\/index.php\/producto\/mesa-tronco\/#primaryimage\",\"url\":\"https:\/\/tallerposible.com\/wp-content\/uploads\/2025\/08\/posible-catalogo-felixniikado-high-42-scaled.jpg\",\"contentUrl\":\"https:\/\/tallerposible.com\/wp-content\/uploads\/2025\/08\/posible-catalogo-felixniikado-high-42-scaled.jpg\",\"width\":1707,\"height\":2560},{\"@type\":\"BreadcrumbList\",\"@id\":\"https:\/\/tallerposible.com\/index.php\/producto\/mesa-tronco\/#breadcrumb\",\"itemListElement\":[{\"@type\":\"ListItem\",\"position\":1,\"name\":\"Inicio\",\"item\":\"https:\/\/tallerposible.com\/\"},{\"@type\":\"ListItem\",\"position\":2,\"name\":\"Mesa Tronco\"}]},{\"@type\":\"WebSite\",\"@id\":\"https:\/\/tallerposible.com\/#website\",\"url\":\"https:\/\/tallerposible.com\/\",\"name\":\"Taller Posible\",\"description\":\"\",\"publisher\":{\"@id\":\"https:\/\/tallerposible.com\/#organization\"},\"potentialAction\":[{\"@type\":\"SearchAction\",\"target\":{\"@type\":\"EntryPoint\",\"urlTemplate\":\"https:\/\/tallerposible.com\/?s={search_term_string}\"},\"query-input\":{\"@type\":\"PropertyValueSpecification\",\"valueRequired\":true,\"valueName\":\"search_term_string\"}}],\"inLanguage\":\"es-AR\"},{\"@type\":\"Organization\",\"@id\":\"https:\/\/tallerposible.com\/#organization\",\"name\":\"Taller Posible\",\"url\":\"https:\/\/tallerposible.com\/\",\"logo\":{\"@type\":\"ImageObject\",\"inLanguage\":\"es-AR\",\"@id\":\"https:\/\/tallerposible.com\/#\/schema\/logo\/image\/\",\"url\":\"https:\/\/tallerposible.com\/wp-content\/uploads\/2025\/07\/cropped-IG_Perfil_Posible-05-scaled-1.jpg\",\"contentUrl\":\"https:\/\/tallerposible.com\/wp-content\/uploads\/2025\/07\/cropped-IG_Perfil_Posible-05-scaled-1.jpg\",\"width\":512,\"height\":512,\"caption\":\"Taller Posible\"},\"image\":{\"@id\":\"https:\/\/tallerposible.com\/#\/schema\/logo\/image\/\"},\"sameAs\":[\"https:\/\/www.instagram.com\/tallerposible\/\"]}]}<\/script>\n<!-- \/ Yoast SEO plugin. -->","yoast_head_json":{"title":"Mesa Tronco - Taller Posible","robots":{"index":"index","follow":"follow","max-snippet":"max-snippet:-1","max-image-preview":"max-image-preview:large","max-video-preview":"max-video-preview:-1"},"canonical":"https:\/\/tallerposible.com\/index.php\/producto\/mesa-tronco\/","og_locale":"es_ES","og_type":"article","og_title":"Mesa Tronco - Taller Posible","og_description":"En incienso y guatamb\u00fa. Terminaci\u00f3n hidrolaca semi-mate. Tiempo de entrega: 60\/75 d\u00edas. Precio final incluye IVA. Consultar por medidas especiales: info@tallerposible.com","og_url":"https:\/\/tallerposible.com\/index.php\/producto\/mesa-tronco\/","og_site_name":"Taller Posible","article_modified_time":"2026-01-06T20:00:38+00:00","og_image":[{"width":1707,"height":2560,"url":"https:\/\/tallerposible.com\/wp-content\/uploads\/2025\/08\/posible-catalogo-felixniikado-high-42-scaled.jpg","type":"image\/jpeg"}],"twitter_card":"summary_large_image","schema":{"@context":"https:\/\/schema.org","@graph":[{"@type":"WebPage","@id":"https:\/\/tallerposible.com\/index.php\/producto\/mesa-tronco\/","url":"https:\/\/tallerposible.com\/index.php\/producto\/mesa-tronco\/","name":"Mesa Tronco - Taller Posible","isPartOf":{"@id":"https:\/\/tallerposible.com\/#website"},"primaryImageOfPage":{"@id":"https:\/\/tallerposible.com\/index.php\/producto\/mesa-tronco\/#primaryimage"},"image":{"@id":"https:\/\/tallerposible.com\/index.php\/producto\/mesa-tronco\/#primaryimage"},"thumbnailUrl":"https:\/\/tallerposible.com\/wp-content\/uploads\/2025\/08\/posible-catalogo-felixniikado-high-42-scaled.jpg","datePublished":"2025-08-07T14:03:53+00:00","dateModified":"2026-01-06T20:00:38+00:00","breadcrumb":{"@id":"https:\/\/tallerposible.com\/index.php\/producto\/mesa-tronco\/#breadcrumb"},"inLanguage":"es-AR","potentialAction":[{"@type":"ReadAction","target":["https:\/\/tallerposible.com\/index.php\/producto\/mesa-tronco\/"]}]},{"@type":"ImageObject","inLanguage":"es-AR","@id":"https:\/\/tallerposible.com\/index.php\/producto\/mesa-tronco\/#primaryimage","url":"https:\/\/tallerposible.com\/wp-content\/uploads\/2025\/08\/posible-catalogo-felixniikado-high-42-scaled.jpg","contentUrl":"https:\/\/tallerposible.com\/wp-content\/uploads\/2025\/08\/posible-catalogo-felixniikado-high-42-scaled.jpg","width":1707,"height":2560},{"@type":"BreadcrumbList","@id":"https:\/\/tallerposible.com\/index.php\/producto\/mesa-tronco\/#breadcrumb","itemListElement":[{"@type":"ListItem","position":1,"name":"Inicio","item":"https:\/\/tallerposible.com\/"},{"@type":"ListItem","position":2,"name":"Mesa Tronco"}]},{"@type":"WebSite","@id":"https:\/\/tallerposible.com\/#website","url":"https:\/\/tallerposible.com\/","name":"Taller Posible","description":"","publisher":{"@id":"https:\/\/tallerposible.com\/#organization"},"potentialAction":[{"@type":"SearchAction","target":{"@type":"EntryPoint","urlTemplate":"https:\/\/tallerposible.com\/?s={search_term_string}"},"query-input":{"@type":"PropertyValueSpecification","valueRequired":true,"valueName":"search_term_string"}}],"inLanguage":"es-AR"},{"@type":"Organization","@id":"https:\/\/tallerposible.com\/#organization","name":"Taller Posible","url":"https:\/\/tallerposible.com\/","logo":{"@type":"ImageObject","inLanguage":"es-AR","@id":"https:\/\/tallerposible.com\/#\/schema\/logo\/image\/","url":"https:\/\/tallerposible.com\/wp-content\/uploads\/2025\/07\/cropped-IG_Perfil_Posible-05-scaled-1.jpg","contentUrl":"https:\/\/tallerposible.com\/wp-content\/uploads\/2025\/07\/cropped-IG_Perfil_Posible-05-scaled-1.jpg","width":512,"height":512,"caption":"Taller Posible"},"image":{"@id":"https:\/\/tallerposible.com\/#\/schema\/logo\/image\/"},"sameAs":["https:\/\/www.instagram.com\/tallerposible\/"]}]}},"_links":{"self":[{"href":"https:\/\/tallerposible.com\/index.php\/wp-json\/wp\/v2\/product\/3271","targetHints":{"allow":["GET"]}}],"collection":[{"href":"https:\/\/tallerposible.com\/index.php\/wp-json\/wp\/v2\/product"}],"about":[{"href":"https:\/\/tallerposible.com\/index.php\/wp-json\/wp\/v2\/types\/product"}],"version-history":[{"count":2,"href":"https:\/\/tallerposible.com\/index.php\/wp-json\/wp\/v2\/product\/3271\/revisions"}],"predecessor-version":[{"id":3373,"href":"https:\/\/tallerposible.com\/index.php\/wp-json\/wp\/v2\/product\/3271\/revisions\/3373"}],"wp:featuredmedia":[{"embeddable":true,"href":"https:\/\/tallerposible.com\/index.php\/wp-json\/wp\/v2\/media\/3274"}],"wp:attachment":[{"href":"https:\/\/tallerposible.com\/index.php\/wp-json\/wp\/v2\/media?parent=3271"}],"wp:term":[{"taxonomy":"product_brand","embeddable":true,"href":"https:\/\/tallerposible.com\/index.php\/wp-json\/wp\/v2\/product_brand?post=3271"},{"taxonomy":"product_cat","embeddable":true,"href":"https:\/\/tallerposible.com\/index.php\/wp-json\/wp\/v2\/product_cat?post=3271"},{"taxonomy":"product_tag","embeddable":true,"href":"https:\/\/tallerposible.com\/index.php\/wp-json\/wp\/v2\/product_tag?post=3271"}],"curies":[{"name":"wp","href":"https:\/\/api.w.org\/{rel}","templated":true}]}}